{"id":59,"date":"2016-03-02T04:42:32","date_gmt":"2016-03-02T04:42:32","guid":{"rendered":"http:\/\/immtij.net\/webv2\/?page_id=59"},"modified":"2018-08-19T19:57:38","modified_gmt":"2018-08-20T03:57:38","slug":"contacto","status":"publish","type":"page","link":"http:\/\/immtij.net\/webv2\/contacto\/","title":{"rendered":"Contacto"},"content":{"rendered":"<div class=\"wpb-content-wrapper\"><p>[vc_row][vc_column width=\u00bb1\/2&#8243;][vc_column_text]<\/p>\n<div style=\"text-align: center;\"><em><strong>Direcci\u00f3n<\/strong><\/em><\/div>\n<div style=\"text-align: center;\">Victor Parra # 611<\/div>\n<div style=\"text-align: center;\">Col. Miramar<\/div>\n<div style=\"text-align: center;\">C.P. 22526<\/div>\n<div style=\"text-align: center;\"><\/div>\n<div style=\"text-align: center;\"><em><strong>Tel\u00e9fono<\/strong><\/em><\/div>\n<div style=\"text-align: center;\">(664) 680-7486<\/div>\n<div><\/div>\n<div style=\"text-align: center;\"><strong>Correo Electr\u00f3nico<\/strong><\/div>\n<div style=\"text-align: center;\">info@immtij.net<\/div>\n<p>[\/vc_column_text][\/vc_column][vc_column width=\u00bb1\/2&#8243;][vc_widget_sidebar sidebar_id=\u00bbcs-redes-sociales\u00bb][\/vc_column][\/vc_row][vc_row][vc_column][vc_gmaps link=\u00bb#E-8_JTNDaWZyYW1lJTIwc3JjJTNEJTIyaHR0cHMlM0ElMkYlMkZ3d3cuZ29vZ2xlLmNvbSUyRm1hcHMlMkZlbWJlZCUzRnBiJTNEJTIxMW0xNCUyMTFtMTIlMjExbTMlMjExZDEwMDAuMjQzNzczNjI0MTYyMyUyMTJkLTExNy4wODQ5MzM2NzE4MDE3JTIxM2QzMi41MTUzMTIxODU0NjM4NyUyMTJtMyUyMTFmMCUyMTJmMCUyMTNmMCUyMTNtMiUyMTFpMTAyNCUyMTJpNzY4JTIxNGYxMy4xJTIxNWUwJTIxM20yJTIxMXNlcyUyMTJzbXglMjE0djE1MzQ3MzcyNzU0MjQlMjIlMjB3aWR0aCUzRCUyMjYwMCUyMiUyMGhlaWdodCUzRCUyMjQ1MCUyMiUyMGZyYW1lYm9yZGVyJTNEJTIyMCUyMiUyMHN0eWxlJTNEJTIyYm9yZGVyJTNBMCUyMiUyMGFsbG93ZnVsbHNjcmVlbiUzRSUzQyUyRmlmcmFtZSUzRQ==\u00bb title=\u00bbUbicaci\u00f3n\u00bb][\/vc_column][\/vc_row]<\/p>\n<\/div>","protected":false},"excerpt":{"rendered":"<p>[vc_row][vc_column width=\u00bb1\/2&#8243;][vc_column_text] Direcci\u00f3n Victor Parra # 611 Col. Miramar C.P. 22526 Tel\u00e9fono (664) 680-7486 Correo Electr\u00f3nico info@immtij.net [\/vc_column_text][\/vc_column][vc_column width=\u00bb1\/2&#8243;][vc_widget_sidebar sidebar_id=\u00bbcs-redes-sociales\u00bb][\/vc_column][\/vc_row][vc_row][vc_column][vc_gmaps link=\u00bb#E-8_JTNDaWZyYW1lJTIwc3JjJTNEJTIyaHR0cHMlM0ElMkYlMkZ3d3cuZ29vZ2xlLmNvbSUyRm1hcHMlMkZlbWJlZCUzRnBiJTNEJTIxMW0xNCUyMTFtMTIlMjExbTMlMjExZDEwMDAuMjQzNzczNjI0MTYyMyUyMTJkLTExNy4wODQ5MzM2NzE4MDE3JTIxM2QzMi41MTUzMTIxODU0NjM4NyUyMTJtMyUyMTFmMCUyMTJmMCUyMTNmMCUyMTNtMiUyMTFpMTAyNCUyMTJpNzY4JTIxNGYxMy4xJTIxNWUwJTIxM20yJTIxMXNlcyUyMTJzbXglMjE0djE1MzQ3MzcyNzU0MjQlMjIlMjB3aWR0aCUzRCUyMjYwMCUyMiUyMGhlaWdodCUzRCUyMjQ1MCUyMiUyMGZyYW1lYm9yZGVyJTNEJTIyMCUyMiUyMHN0eWxlJTNEJTIyYm9yZGVyJTNBMCUyMiUyMGFsbG93ZnVsbHNjcmVlbiUzRSUzQyUyRmlmcmFtZSUzRQ==\u00bb title=\u00bbUbicaci\u00f3n\u00bb][\/vc_column][\/vc_row]<\/p>\n","protected":false},"author":1,"featured_media":0,"parent":0,"menu_order":0,"comment_status":"closed","ping_status":"closed","template":"","meta":{"footnotes":""},"class_list":["post-59","page","type-page","status-publish","hentry"],"_links":{"self":[{"href":"http:\/\/immtij.net\/webv2\/wp-json\/wp\/v2\/pages\/59","targetHints":{"allow":["GET"]}}],"collection":[{"href":"http:\/\/immtij.net\/webv2\/wp-json\/wp\/v2\/pages"}],"about":[{"href":"http:\/\/immtij.net\/webv2\/wp-json\/wp\/v2\/types\/page"}],"author":[{"embeddable":true,"href":"http:\/\/immtij.net\/webv2\/wp-json\/wp\/v2\/users\/1"}],"replies":[{"embeddable":true,"href":"http:\/\/immtij.net\/webv2\/wp-json\/wp\/v2\/comments?post=59"}],"version-history":[{"count":7,"href":"http:\/\/immtij.net\/webv2\/wp-json\/wp\/v2\/pages\/59\/revisions"}],"predecessor-version":[{"id":1195,"href":"http:\/\/immtij.net\/webv2\/wp-json\/wp\/v2\/pages\/59\/revisions\/1195"}],"wp:attachment":[{"href":"http:\/\/immtij.net\/webv2\/wp-json\/wp\/v2\/media?parent=59"}],"curies":[{"name":"wp","href":"https:\/\/api.w.org\/{rel}","templated":true}]}}